{"id":418,"date":"2018-08-17T13:26:29","date_gmt":"2018-08-17T13:26:29","guid":{"rendered":"https:\/\/hysao.lucarne.info\/?page_id=418"},"modified":"2019-01-07T14:48:27","modified_gmt":"2019-01-07T13:48:27","slug":"2018-2","status":"publish","type":"page","link":"https:\/\/hysao.art\/?page_id=418","title":{"rendered":"2018"},"content":{"rendered":"<!-- PhotoBlocks for WordPress v1.3.1 free --><style> #photoblocks-5 {width: 100%;} #photoblocks-5 .pb-block {border-color: #333333;} #photoblocks-5 .pb-title {color: #ffffff;font-size: 14px;} #photoblocks-5 .pb-description {color: rgba(255, 255, 255, 0.7);font-size: 11px;} #photoblocks-5 .pb-block.pb-type-text .pb-overlay {} #photoblocks-5 .pb-block.pb-type-text .pb-title, #photoblocks-5 .pb-block.pb-type-text .pb-description {} #photoblocks-5 .pb-block.pb-type-text .pb-title {} #photoblocks-5 .pb-block.pb-type-text .pb-description {} #photoblocks-5 .pb-overlay {background: rgba(0, 0, 0, 0.75);} #photoblocks-5.pb-lift.show-empty-overlay .pb-block.pb-type-image:hover, #photoblocks-5.pb-lift .pb-block.pb-type-image.with-text:hover { box-shadow: rgba(0, 0, 0, 0.75) 0 0 20px; } #photoblocks-5 .pb-block { } #photoblocks-5 .pb-block .pb-social button {color: #ffffff;font-size: 14px;} #photoblocks-5 .pb-blocks .pb-type-image {max-width: calc( 100% - 5px )}<\/style><div class=\"photoblocks-gallery pb-blur pb-lift pb-effect-fade\" data-anim=\"fade\" id=\"photoblocks-5\"> <div class=\"pb-blocks\"> <div class=\"pb-block with-text with-social-or-text pb-landscape pb-width pb-type-image \" style=\"\" data-filters=\"\" data-colspan=\"1\" data-rowspan=\"1\" data-col=\"0\" data-row=\"0\" data-valign=\"center\" data-halign=\"center\" data-type=\"image\" data-ratio=\"1.3333333333333\"> <img decoding=\"async\" class=\"pb-image skip-lazy \" src=\"data:image\/png;base64,iVBORw0KGgoAAAANSUhEUgAAAAEAAAABCAYAAAAfFcSJAAAADUlEQVR42mNkYPhfDwAChwGA60e6kgAAAABJRU5ErkJggg==\" data-pb-source=\"https:\/\/hysao.art\/wp-content\/uploads\/2018\/08\/DSC05257.jpg\" alt=\"( VENDU ) \"\u3061\u3044\u3055\u3044\u3068\u304d\u307f\u305f\u82b1\u306f\u304a\u304a\u304d\u304f\u3066\u307e\u3076\u3057\u304b\u3063\u305f\"\u3000Quand j\u2019\u00e9tais petite, toutes les fleurs \u00e9taient grandes et \u00e9blouissantes\"> <noscript><img decoding=\"async\" src=\"https:\/\/hysao.art\/wp-content\/uploads\/2018\/08\/DSC05257.jpg\" alt=\"( VENDU ) \"\u3061\u3044\u3055\u3044\u3068\u304d\u307f\u305f\u82b1\u306f\u304a\u304a\u304d\u304f\u3066\u307e\u3076\u3057\u304b\u3063\u305f\"\u3000Quand j\u2019\u00e9tais petite, toutes les fleurs \u00e9taient grandes et \u00e9blouissantes\"><\/noscript> <a class=\"pb-link \" data-magnific=\"gallery-5\" data-caption=\"(VENDU) papier de riz maroufler sur la toile de lin 40cm x 48cm\" rel=\"\" target=\"\" href=\"https:\/\/hysao.art\/wp-content\/uploads\/2018\/08\/DSC05257.jpg\"> <div class=\"pb-overlay\" style=\"\"> <div class=\"pb-caption-top\"> <span class=\"pb-title pb-caption-center\" style=\"\">( VENDU ) \"\u3061\u3044\u3055\u3044\u3068\u304d\u307f\u305f\u82b1\u306f\u304a\u304a\u304d\u304f\u3066\u307e\u3076\u3057\u304b\u3063\u305f\"\u3000Quand j\u2019\u00e9tais petite, toutes les fleurs \u00e9taient grandes et \u00e9blouissantes<\/span> <span class=\"pb-description pb-caption-center\" style=\"\">(VENDU) papier de riz maroufler sur la toile de lin 40cm x 48cm<\/span> <\/div> <\/div> <\/a> <\/div> <div class=\"pb-block with-text with-social-or-text pb-landscape pb-width pb-type-image \" style=\"\" data-filters=\"\" data-colspan=\"1\" data-rowspan=\"1\" data-col=\"1\" data-row=\"0\" data-valign=\"center\" data-halign=\"center\" data-type=\"image\" data-ratio=\"1.3333333333333\"> <img decoding=\"async\" class=\"pb-image skip-lazy \" src=\"data:image\/png;base64,iVBORw0KGgoAAAANSUhEUgAAAAEAAAABCAYAAAAfFcSJAAAADUlEQVR42mNkYPhfDwAChwGA60e6kgAAAABJRU5ErkJggg==\" data-pb-source=\"https:\/\/hysao.art\/wp-content\/uploads\/2018\/08\/35518068_587664028282527_2376237218252455936_n.jpg\" alt=\"Quand je croque une pomme, l'aigre-doux me ressuscite mon enfance\"> <noscript><img decoding=\"async\" src=\"https:\/\/hysao.art\/wp-content\/uploads\/2018\/08\/35518068_587664028282527_2376237218252455936_n.jpg\" alt=\"Quand je croque une pomme, l'aigre-doux me ressuscite mon enfance\"><\/noscript> <a class=\"pb-link \" data-magnific=\"gallery-5\" data-caption=\"encre de chine et Ganryo , la papier de Riz maroufler sur la toile de lin 40cm x 48cm 300\" rel=\"\" target=\"\" href=\"https:\/\/hysao.art\/wp-content\/uploads\/2018\/08\/35518068_587664028282527_2376237218252455936_n.jpg\"> <div class=\"pb-overlay\" style=\"\"> <div class=\"pb-caption-top\"> <span class=\"pb-title pb-caption-center\" style=\"\">Quand je croque une pomme, l'aigre-doux me ressuscite mon enfance<\/span> <span class=\"pb-description pb-caption-center\" style=\"\">encre de chine et Ganryo , la papier de Riz maroufler sur la toile de lin 40cm x 48cm 300<\/span> <\/div> <\/div> <\/a> <\/div> <div class=\"pb-block with-text with-social-or-text pb-landscape pb-width pb-type-image \" style=\"\" data-filters=\"\" data-colspan=\"1\" data-rowspan=\"1\" data-col=\"2\" data-row=\"0\" data-valign=\"center\" data-halign=\"center\" data-type=\"image\" data-ratio=\"1.3333333333333\"> <img decoding=\"async\" class=\"pb-image skip-lazy \" src=\"data:image\/png;base64,iVBORw0KGgoAAAANSUhEUgAAAAEAAAABCAYAAAAfFcSJAAAADUlEQVR42mNkYPhfDwAChwGA60e6kgAAAABJRU5ErkJggg==\" data-pb-source=\"https:\/\/hysao.art\/wp-content\/uploads\/2020\/07\/IMG_20181031_135140_217-scaled.jpg\" alt=\"VENDU un \u00e9l\u00e9phant est amoureux d'une Girafe!\"> <noscript><img decoding=\"async\" src=\"https:\/\/hysao.art\/wp-content\/uploads\/2020\/07\/IMG_20181031_135140_217-scaled.jpg\" alt=\"VENDU un \u00e9l\u00e9phant est amoureux d'une Girafe!\"><\/noscript> <a class=\"pb-link \" data-magnific=\"gallery-5\" data-caption=\"\" rel=\"\" target=\"\" href=\"https:\/\/hysao.art\/wp-content\/uploads\/2020\/07\/IMG_20181031_135140_217-scaled.jpg\"> <div class=\"pb-overlay\" style=\"\"> <div class=\"pb-caption-top\"> <span class=\"pb-title pb-caption-center\" style=\"\">VENDU un \u00e9l\u00e9phant est amoureux d'une Girafe!<\/span> <\/div> <\/div> <\/a> <\/div> <div class=\"pb-block with-text with-social-or-text pb-landscape pb-width pb-type-image \" style=\"\" data-filters=\"\" data-colspan=\"1\" data-rowspan=\"1\" data-col=\"3\" data-row=\"0\" data-valign=\"center\" data-halign=\"center\" data-type=\"image\" data-ratio=\"1.1194805194805\"> <img decoding=\"async\" class=\"pb-image skip-lazy \" src=\"data:image\/png;base64,iVBORw0KGgoAAAANSUhEUgAAAAEAAAABCAYAAAAfFcSJAAAADUlEQVR42mNkYPhfDwAChwGA60e6kgAAAABJRU5ErkJggg==\" data-pb-source=\"https:\/\/hysao.art\/wp-content\/uploads\/2018\/08\/scarabee.jpg\" alt=\"VENDU\"> <noscript><img decoding=\"async\" src=\"https:\/\/hysao.art\/wp-content\/uploads\/2018\/08\/scarabee.jpg\" alt=\"VENDU\"><\/noscript> <a class=\"pb-link \" data-magnific=\"gallery-5\" data-caption=\"VENDU\" rel=\"\" target=\"\" href=\"https:\/\/hysao.art\/wp-content\/uploads\/2018\/08\/scarabee.jpg\"> <div class=\"pb-overlay\" style=\"\"> <div class=\"pb-caption-top\"> <span class=\"pb-title pb-caption-center\" style=\"\">VENDU<\/span> <span class=\"pb-description pb-caption-center\" style=\"\">VENDU<\/span> <\/div> <\/div> <\/a> <\/div> <div class=\"pb-block with-text with-social-or-text pb-portrait pb-width pb-type-image \" style=\"\" data-filters=\"\" data-colspan=\"1\" data-rowspan=\"2\" data-col=\"0\" data-row=\"1\" data-valign=\"center\" data-halign=\"center\" data-type=\"image\" data-ratio=\"0.8\"> <img decoding=\"async\" class=\"pb-image skip-lazy \" src=\"data:image\/png;base64,iVBORw0KGgoAAAANSUhEUgAAAAEAAAABCAYAAAAfFcSJAAAADUlEQVR42mNkYPhfDwAChwGA60e6kgAAAABJRU5ErkJggg==\" data-pb-source=\"https:\/\/hysao.art\/wp-content\/uploads\/2018\/08\/IMG_20180507_101254_875.jpg\" alt=\"VENDU 40cm x 120cm\"> <noscript><img decoding=\"async\" src=\"https:\/\/hysao.art\/wp-content\/uploads\/2018\/08\/IMG_20180507_101254_875.jpg\" alt=\"VENDU 40cm x 120cm\"><\/noscript> <a class=\"pb-link \" data-magnific=\"gallery-5\" data-caption=\"VENDU\u3000\u300040cmX\uff18\uff10cm\" rel=\"\" target=\"\" href=\"https:\/\/hysao.art\/wp-content\/uploads\/2018\/08\/IMG_20180507_101254_875.jpg\"> <div class=\"pb-overlay\" style=\"\"> <div class=\"pb-caption-top\"> <span class=\"pb-description pb-caption-center\" style=\"\">VENDU\u3000\u300040cmX\uff18\uff10cm<\/span> <\/div> <div class=\"pb-caption-middle\"> <span class=\"pb-title pb-caption-left\" style=\"\">VENDU 40cm x 120cm<\/span> <\/div> <\/div> <\/a> <\/div> <div class=\"pb-block with-text with-social-or-text pb-portrait pb-height pb-type-image \" style=\"\" data-filters=\"\" data-colspan=\"1\" data-rowspan=\"1\" data-col=\"1\" data-row=\"1\" data-valign=\"center\" data-halign=\"center\" data-type=\"image\" data-ratio=\"0.75\"> <img decoding=\"async\" class=\"pb-image skip-lazy \" src=\"data:image\/png;base64,iVBORw0KGgoAAAANSUhEUgAAAAEAAAABCAYAAAAfFcSJAAAADUlEQVR42mNkYPhfDwAChwGA60e6kgAAAABJRU5ErkJggg==\" data-pb-source=\"https:\/\/hysao.art\/wp-content\/uploads\/2018\/08\/DSC05016.jpg\" alt=\"VENDU \" la mer s'assombrit les cris de canards vaguement blancs \" Basho-\"> <noscript><img decoding=\"async\" src=\"https:\/\/hysao.art\/wp-content\/uploads\/2018\/08\/DSC05016.jpg\" alt=\"VENDU \" la mer s'assombrit les cris de canards vaguement blancs \" Basho-\"><\/noscript> <a class=\"pb-link \" data-magnific=\"gallery-5\" data-caption=\"( VENDU )\" rel=\"\" target=\"\" href=\"https:\/\/hysao.art\/wp-content\/uploads\/2018\/08\/DSC05016.jpg\"> <div class=\"pb-overlay\" style=\"\"> <div class=\"pb-caption-top\"> <span class=\"pb-title pb-caption-center\" style=\"\">VENDU \" la mer s'assombrit les cris de canards vaguement blancs \" Basho-<\/span> <span class=\"pb-description pb-caption-center\" style=\"\">( VENDU )<\/span> <\/div> <\/div> <\/a> <\/div> <div class=\"pb-block with-text with-social-or-text pb-portrait pb-width pb-type-image \" style=\"\" data-filters=\"\" data-colspan=\"1\" data-rowspan=\"2\" data-col=\"2\" data-row=\"1\" data-valign=\"center\" data-halign=\"center\" data-type=\"image\" data-ratio=\"0.75\"> <img decoding=\"async\" class=\"pb-image skip-lazy \" src=\"data:image\/png;base64,iVBORw0KGgoAAAANSUhEUgAAAAEAAAABCAYAAAAfFcSJAAAADUlEQVR42mNkYPhfDwAChwGA60e6kgAAAABJRU5ErkJggg==\" data-pb-source=\"https:\/\/hysao.art\/wp-content\/uploads\/2018\/08\/DSC05024.jpg\" alt=\"( VENDU ) \"dernier jour du mois, nuit sans lune un cedre vieux de mille annees atreint par la tempete \" Basho- le fond acrylic blanc 40cm x 80cm\"> <noscript><img decoding=\"async\" src=\"https:\/\/hysao.art\/wp-content\/uploads\/2018\/08\/DSC05024.jpg\" alt=\"( VENDU ) \"dernier jour du mois, nuit sans lune un cedre vieux de mille annees atreint par la tempete \" Basho- le fond acrylic blanc 40cm x 80cm\"><\/noscript> <a class=\"pb-link \" data-magnific=\"gallery-5\" data-caption=\"VENDU\" rel=\"\" target=\"\" href=\"https:\/\/hysao.art\/wp-content\/uploads\/2018\/08\/DSC05024.jpg\"> <div class=\"pb-overlay\" style=\"\"> <div class=\"pb-caption-top\"> <span class=\"pb-title pb-caption-center\" style=\"\">( VENDU ) \"dernier jour du mois, nuit sans lune un cedre vieux de mille annees atreint par la tempete \" Basho- le fond acrylic blanc 40cm x 80cm<\/span> <span class=\"pb-description pb-caption-center\" style=\"\">VENDU<\/span> <\/div> <\/div> <\/a> <\/div> <div class=\"pb-block with-text with-social-or-text pb-landscape pb-width pb-type-image \" style=\"\" data-filters=\"\" data-colspan=\"1\" data-rowspan=\"2\" data-col=\"3\" data-row=\"1\" data-valign=\"center\" data-halign=\"center\" data-type=\"image\" data-ratio=\"1.5\"> <img decoding=\"async\" class=\"pb-image skip-lazy \" src=\"data:image\/png;base64,iVBORw0KGgoAAAANSUhEUgAAAAEAAAABCAYAAAAfFcSJAAAADUlEQVR42mNkYPhfDwAChwGA60e6kgAAAABJRU5ErkJggg==\" data-pb-source=\"https:\/\/hysao.art\/wp-content\/uploads\/2018\/08\/IMG_4615.jpg\" alt=\"( VENDU ) Papillons 30cm x 90cm\"> <noscript><img decoding=\"async\" src=\"https:\/\/hysao.art\/wp-content\/uploads\/2018\/08\/IMG_4615.jpg\" alt=\"( VENDU ) Papillons 30cm x 90cm\"><\/noscript> <a class=\"pb-link \" data-magnific=\"gallery-5\" data-caption=\"VENDU\" rel=\"\" target=\"\" href=\"https:\/\/hysao.art\/wp-content\/uploads\/2018\/08\/IMG_4615.jpg\"> <div class=\"pb-overlay\" style=\"\"> <div class=\"pb-caption-top\"> <span class=\"pb-title pb-caption-center\" style=\"\">( VENDU ) Papillons 30cm x 90cm<\/span> <span class=\"pb-description pb-caption-center\" style=\"\">VENDU<\/span> <\/div> <\/div> <\/a> <\/div> <div class=\"pb-block with-text with-social-or-text pb-landscape pb-width pb-type-image \" style=\"\" data-filters=\"\" data-colspan=\"1\" data-rowspan=\"2\" data-col=\"1\" data-row=\"2\" data-valign=\"center\" data-halign=\"center\" data-type=\"image\" data-ratio=\"1.5\"> <img decoding=\"async\" class=\"pb-image skip-lazy \" src=\"data:image\/png;base64,iVBORw0KGgoAAAANSUhEUgAAAAEAAAABCAYAAAAfFcSJAAAADUlEQVR42mNkYPhfDwAChwGA60e6kgAAAABJRU5ErkJggg==\" data-pb-source=\"https:\/\/hysao.art\/wp-content\/uploads\/2018\/08\/IMG_4617.jpg\" alt=\"\"les Bambous et les fleurs \" 30cm X 90cm\"> <noscript><img decoding=\"async\" src=\"https:\/\/hysao.art\/wp-content\/uploads\/2018\/08\/IMG_4617.jpg\" alt=\"\"les Bambous et les fleurs \" 30cm X 90cm\"><\/noscript> <a class=\"pb-link \" data-magnific=\"gallery-5\" data-caption=\"\" rel=\"\" target=\"\" href=\"https:\/\/hysao.art\/wp-content\/uploads\/2018\/08\/IMG_4617.jpg\"> <div class=\"pb-overlay\" style=\"\"> <div class=\"pb-caption-top\"> <span class=\"pb-title pb-caption-center\" style=\"\">\"les Bambous et les fleurs \" 30cm X 90cm<\/span> <\/div> <\/div> <\/a> <\/div> <div class=\"pb-block with-text with-social-or-text pb-portrait pb-width pb-type-image \" style=\"\" data-filters=\"\" data-colspan=\"1\" data-rowspan=\"2\" data-col=\"0\" data-row=\"3\" data-valign=\"center\" data-halign=\"center\" data-type=\"image\" data-ratio=\"0.75\"> <img decoding=\"async\" class=\"pb-image skip-lazy \" src=\"data:image\/png;base64,iVBORw0KGgoAAAANSUhEUgAAAAEAAAABCAYAAAAfFcSJAAAADUlEQVR42mNkYPhfDwAChwGA60e6kgAAAABJRU5ErkJggg==\" data-pb-source=\"https:\/\/hysao.art\/wp-content\/uploads\/2018\/08\/Hysao-1.jpg\" alt=\"( VENDU) La rosee 30cm x 90cm la papier de riz teinture naturelle d'indigo avec l'encre blanc et le poudre d'or\"> <noscript><img decoding=\"async\" src=\"https:\/\/hysao.art\/wp-content\/uploads\/2018\/08\/Hysao-1.jpg\" alt=\"( VENDU) La rosee 30cm x 90cm la papier de riz teinture naturelle d'indigo avec l'encre blanc et le poudre d'or\"><\/noscript> <a class=\"pb-link \" data-magnific=\"gallery-5\" data-caption=\"( VENDU)\" rel=\"\" target=\"\" href=\"https:\/\/hysao.art\/wp-content\/uploads\/2018\/08\/Hysao-1.jpg\"> <div class=\"pb-overlay\" style=\"\"> <div class=\"pb-caption-top\"> <span class=\"pb-title pb-caption-center\" style=\"\">( VENDU) La rosee 30cm x 90cm la papier de riz teinture naturelle d'indigo avec l'encre blanc et le poudre d'or<\/span> <span class=\"pb-description pb-caption-center\" style=\"\">( VENDU)<\/span> <\/div> <\/div> <\/a> <\/div> <\/div><\/div><div id=\"photoblocks-fancybox-5\"><\/div><script>jQuery(function () { var p = new PhotoBlocks({ selector: \"#photoblocks-5\", columns: 4, padding: 5, disable_below: 320, on: { before: function () { }, after: function () { }, refresh: function () { } }, mobile_layout: [], lazy: false, debug: false }); jQuery(\"#photoblocks-5\").magnificPopup({ delegate: \".pb-block:not(.pb-filtered) [data-magnific]\", type: \"image\", gallery: { enabled: true, preload: [0,2] }, image: { titleSrc: 'data-caption' }, mainClass: \"mfp-5\" }); });<\/script>\n","protected":false},"excerpt":{"rendered":"","protected":false},"author":1,"featured_media":0,"parent":0,"menu_order":0,"comment_status":"closed","ping_status":"closed","template":"","meta":{"footnotes":""},"class_list":["post-418","page","type-page","status-publish","hentry"],"_links":{"self":[{"href":"https:\/\/hysao.art\/index.php?rest_route=\/wp\/v2\/pages\/418","targetHints":{"allow":["GET"]}}],"collection":[{"href":"https:\/\/hysao.art\/index.php?rest_route=\/wp\/v2\/pages"}],"about":[{"href":"https:\/\/hysao.art\/index.php?rest_route=\/wp\/v2\/types\/page"}],"author":[{"embeddable":true,"href":"https:\/\/hysao.art\/index.php?rest_route=\/wp\/v2\/users\/1"}],"replies":[{"embeddable":true,"href":"https:\/\/hysao.art\/index.php?rest_route=%2Fwp%2Fv2%2Fcomments&post=418"}],"version-history":[{"count":4,"href":"https:\/\/hysao.art\/index.php?rest_route=\/wp\/v2\/pages\/418\/revisions"}],"predecessor-version":[{"id":643,"href":"https:\/\/hysao.art\/index.php?rest_route=\/wp\/v2\/pages\/418\/revisions\/643"}],"wp:attachment":[{"href":"https:\/\/hysao.art\/index.php?rest_route=%2Fwp%2Fv2%2Fmedia&parent=418"}],"curies":[{"name":"wp","href":"https:\/\/api.w.org\/{rel}","templated":true}]}}